{"id":1483,"date":"2023-11-20T19:39:53","date_gmt":"2023-11-20T19:39:53","guid":{"rendered":"https:\/\/solvicuna.com\/?page_id=1483"},"modified":"2023-11-27T16:11:44","modified_gmt":"2023-11-27T16:11:44","slug":"la-fibra-mas-fina-del-mundo","status":"publish","type":"page","link":"https:\/\/solvicuna.com\/?page_id=1483","title":{"rendered":"La fibra m\u00e1s fina del mundo"},"content":{"rendered":"\t\t<div data-elementor-type=\"wp-page\" data-elementor-id=\"1483\" class=\"elementor elementor-1483\" data-elementor-post-type=\"page\">\n\t\t\t\t\t\t\t<div class=\"elementor-element elementor-element-c57c091 e-flex e-con-boxed e-con e-parent\" data-id=\"c57c091\" data-element_type=\"container\" data-settings=\"{&quot;content_width&quot;:&quot;boxed&quot;}\" data-core-v316-plus=\"true\">\n\t\t\t\t\t<div class=\"e-con-inner\">\n\t\t\t\t<div class=\"elementor-element elementor-element-6e5be21 elementor-nav-menu__align-center elementor-nav-menu--dropdown-tablet elementor-nav-menu__text-align-aside elementor-nav-menu--toggle elementor-nav-menu--burger elementor-widget elementor-widget-nav-menu\" data-id=\"6e5be21\" data-element_type=\"widget\" data-settings=\"{&quot;layout&quot;:&quot;horizontal&quot;,&quot;submenu_icon&quot;:{&quot;value&quot;:&quot;&lt;i class=\\&quot;fas fa-caret-down\\&quot;&gt;&lt;\\\/i&gt;&quot;,&quot;library&quot;:&quot;fa-solid&quot;},&quot;toggle&quot;:&quot;burger&quot;}\" data-widget_type=\"nav-menu.default\">\n\t\t\t\t<div class=\"elementor-widget-container\">\n\t\t\t<link rel=\"stylesheet\" href=\"https:\/\/solvicuna.com\/wp-content\/plugins\/elementor-pro\/assets\/css\/widget-nav-menu.min.css\">\t\t\t<nav class=\"elementor-nav-menu--main elementor-nav-menu__container elementor-nav-menu--layout-horizontal e--pointer-underline e--animation-fade\">\n\t\t\t\t<ul id=\"menu-1-6e5be21\" class=\"elementor-nav-menu\"><li class=\"menu-item menu-item-type-post_type menu-item-object-page menu-item-1905\"><a href=\"https:\/\/solvicuna.com\/?page_id=1483\" class=\"elementor-item\">Espa\u00f1ol<\/a><\/li>\n<li class=\"menu-item menu-item-type-post_type menu-item-object-page menu-item-1904\"><a href=\"https:\/\/solvicuna.com\/?page_id=1891\" class=\"elementor-item\">English<\/a><\/li>\n<li class=\"menu-item menu-item-type-post_type menu-item-object-page menu-item-1903\"><a href=\"https:\/\/solvicuna.com\/?page_id=1896\" class=\"elementor-item\">\u4e2d\u6587<\/a><\/li>\n<\/ul>\t\t\t<\/nav>\n\t\t\t\t\t<div class=\"elementor-menu-toggle\" role=\"button\" tabindex=\"0\" aria-label=\"Menu Toggle\" aria-expanded=\"false\">\n\t\t\t<i aria-hidden=\"true\" role=\"presentation\" class=\"elementor-menu-toggle__icon--open eicon-menu-bar\"><\/i><i aria-hidden=\"true\" role=\"presentation\" class=\"elementor-menu-toggle__icon--close eicon-close\"><\/i>\t\t\t<span class=\"elementor-screen-only\">Menu<\/span>\n\t\t<\/div>\n\t\t\t\t\t<nav class=\"elementor-nav-menu--dropdown elementor-nav-menu__container\" aria-hidden=\"true\">\n\t\t\t\t<ul id=\"menu-2-6e5be21\" class=\"elementor-nav-menu\"><li class=\"menu-item menu-item-type-post_type menu-item-object-page menu-item-1905\"><a href=\"https:\/\/solvicuna.com\/?page_id=1483\" class=\"elementor-item\" tabindex=\"-1\">Espa\u00f1ol<\/a><\/li>\n<li class=\"menu-item menu-item-type-post_type menu-item-object-page menu-item-1904\"><a href=\"https:\/\/solvicuna.com\/?page_id=1891\" class=\"elementor-item\" tabindex=\"-1\">English<\/a><\/li>\n<li class=\"menu-item menu-item-type-post_type menu-item-object-page menu-item-1903\"><a href=\"https:\/\/solvicuna.com\/?page_id=1896\" class=\"elementor-item\" tabindex=\"-1\">\u4e2d\u6587<\/a><\/li>\n<\/ul>\t\t\t<\/nav>\n\t\t\t\t<\/div>\n\t\t\t\t<\/div>\n\t\t\t\t<div class=\"elementor-element elementor-element-e31b122 elementor-widget elementor-widget-image\" data-id=\"e31b122\" data-element_type=\"widget\" data-widget_type=\"image.default\">\n\t\t\t\t<div class=\"elementor-widget-container\">\n\t\t\t<style>\/*! elementor - v3.17.0 - 08-11-2023 *\/\n.elementor-widget-image{text-align:center}.elementor-widget-image a{display:inline-block}.elementor-widget-image a img[src$=\".svg\"]{width:48px}.elementor-widget-image img{vertical-align:middle;display:inline-block}<\/style>\t\t\t\t\t\t\t\t\t\t\t\t\t<a href=\"http:\/\/www.solvicuna.com\">\n\t\t\t\t\t\t\t<img fetchpriority=\"high\" decoding=\"async\" width=\"492\" height=\"148\" src=\"https:\/\/solvicuna.com\/wp-content\/uploads\/2023\/11\/logo-vicuna.png\" class=\"attachment-large size-large wp-image-1820\" alt=\"\" srcset=\"https:\/\/solvicuna.com\/wp-content\/uploads\/2023\/11\/logo-vicuna.png 492w, https:\/\/solvicuna.com\/wp-content\/uploads\/2023\/11\/logo-vicuna-300x90.png 300w, https:\/\/solvicuna.com\/wp-content\/uploads\/2023\/11\/logo-vicuna-420x126.png 420w, https:\/\/solvicuna.com\/wp-content\/uploads\/2023\/11\/logo-vicuna-81x24.png 81w\" sizes=\"(max-width: 492px) 100vw, 492px\" \/>\t\t\t\t\t\t\t\t<\/a>\n\t\t\t\t\t\t\t\t\t\t\t\t\t\t\t<\/div>\n\t\t\t\t<\/div>\n\t\t\t\t<div class=\"elementor-element elementor-element-74118c1 elementor-nav-menu__align-center elementor-nav-menu--dropdown-none elementor-widget elementor-widget-nav-menu\" data-id=\"74118c1\" data-element_type=\"widget\" data-settings=\"{&quot;layout&quot;:&quot;horizontal&quot;,&quot;submenu_icon&quot;:{&quot;value&quot;:&quot;&lt;i class=\\&quot;fas fa-caret-down\\&quot;&gt;&lt;\\\/i&gt;&quot;,&quot;library&quot;:&quot;fa-solid&quot;}}\" data-widget_type=\"nav-menu.default\">\n\t\t\t\t<div class=\"elementor-widget-container\">\n\t\t\t\t\t\t<nav class=\"elementor-nav-menu--main elementor-nav-menu__container elementor-nav-menu--layout-horizontal e--pointer-underline e--animation-fade\">\n\t\t\t\t<ul id=\"menu-1-74118c1\" class=\"elementor-nav-menu\"><li class=\"menu-item menu-item-type-post_type menu-item-object-post menu-item-1691\"><a href=\"https:\/\/solvicuna.com\/?p=1665\" class=\"elementor-item\">El Origen<\/a><\/li>\n<li class=\"menu-item menu-item-type-post_type menu-item-object-post menu-item-1690\"><a href=\"https:\/\/solvicuna.com\/?p=1667\" class=\"elementor-item\">Cam\u00e9lidos sudamericanos<\/a><\/li>\n<li class=\"menu-item menu-item-type-post_type menu-item-object-post menu-item-1689\"><a href=\"https:\/\/solvicuna.com\/?p=1669\" class=\"elementor-item\">La Vicu\u00f1a<\/a><\/li>\n<li class=\"menu-item menu-item-type-post_type menu-item-object-post menu-item-1688\"><a href=\"https:\/\/solvicuna.com\/?p=1671\" class=\"elementor-item\">Historia<\/a><\/li>\n<li class=\"menu-item menu-item-type-post_type menu-item-object-post menu-item-1687\"><a href=\"https:\/\/solvicuna.com\/?p=1673\" class=\"elementor-item\">El Ritual \u201cChaccu\u201d<\/a><\/li>\n<li class=\"menu-item menu-item-type-post_type menu-item-object-post menu-item-1686\"><a href=\"https:\/\/solvicuna.com\/?p=1675\" class=\"elementor-item\">Preservando una tradici\u00f3n artesanal<\/a><\/li>\n<li class=\"menu-item menu-item-type-post_type menu-item-object-post menu-item-1685\"><a href=\"https:\/\/solvicuna.com\/?p=1677\" class=\"elementor-item\">Depredaci\u00f3n y Salvaci\u00f3n de la Vicu\u00f1a<\/a><\/li>\n<li class=\"menu-item menu-item-type-post_type menu-item-object-post menu-item-1683\"><a href=\"https:\/\/solvicuna.com\/?p=1681\" class=\"elementor-item\">Michell &#038; CIA<\/a><\/li>\n<\/ul>\t\t\t<\/nav>\n\t\t\t\t\t\t<nav class=\"elementor-nav-menu--dropdown elementor-nav-menu__container\" aria-hidden=\"true\">\n\t\t\t\t<ul id=\"menu-2-74118c1\" class=\"elementor-nav-menu\"><li class=\"menu-item menu-item-type-post_type menu-item-object-post menu-item-1691\"><a href=\"https:\/\/solvicuna.com\/?p=1665\" class=\"elementor-item\" tabindex=\"-1\">El Origen<\/a><\/li>\n<li class=\"menu-item menu-item-type-post_type menu-item-object-post menu-item-1690\"><a href=\"https:\/\/solvicuna.com\/?p=1667\" class=\"elementor-item\" tabindex=\"-1\">Cam\u00e9lidos sudamericanos<\/a><\/li>\n<li class=\"menu-item menu-item-type-post_type menu-item-object-post menu-item-1689\"><a href=\"https:\/\/solvicuna.com\/?p=1669\" class=\"elementor-item\" tabindex=\"-1\">La Vicu\u00f1a<\/a><\/li>\n<li class=\"menu-item menu-item-type-post_type menu-item-object-post menu-item-1688\"><a href=\"https:\/\/solvicuna.com\/?p=1671\" class=\"elementor-item\" tabindex=\"-1\">Historia<\/a><\/li>\n<li class=\"menu-item menu-item-type-post_type menu-item-object-post menu-item-1687\"><a href=\"https:\/\/solvicuna.com\/?p=1673\" class=\"elementor-item\" tabindex=\"-1\">El Ritual \u201cChaccu\u201d<\/a><\/li>\n<li class=\"menu-item menu-item-type-post_type menu-item-object-post menu-item-1686\"><a href=\"https:\/\/solvicuna.com\/?p=1675\" class=\"elementor-item\" tabindex=\"-1\">Preservando una tradici\u00f3n artesanal<\/a><\/li>\n<li class=\"menu-item menu-item-type-post_type menu-item-object-post menu-item-1685\"><a href=\"https:\/\/solvicuna.com\/?p=1677\" class=\"elementor-item\" tabindex=\"-1\">Depredaci\u00f3n y Salvaci\u00f3n de la Vicu\u00f1a<\/a><\/li>\n<li class=\"menu-item menu-item-type-post_type menu-item-object-post menu-item-1683\"><a href=\"https:\/\/solvicuna.com\/?p=1681\" class=\"elementor-item\" tabindex=\"-1\">Michell &#038; CIA<\/a><\/li>\n<\/ul>\t\t\t<\/nav>\n\t\t\t\t<\/div>\n\t\t\t\t<\/div>\n\t\t\t\t\t<\/div>\n\t\t\t\t<\/div>\n\t\t<div class=\"elementor-element elementor-element-97cdca1 e-flex e-con-boxed e-con e-parent\" data-id=\"97cdca1\" data-element_type=\"container\" data-settings=\"{&quot;content_width&quot;:&quot;boxed&quot;}\" data-core-v316-plus=\"true\">\n\t\t\t\t\t<div class=\"e-con-inner\">\n\t\t\t\t<div class=\"elementor-element elementor-element-bfd6e52 elementor-widget elementor-widget-image\" data-id=\"bfd6e52\" data-element_type=\"widget\" data-widget_type=\"image.default\">\n\t\t\t\t<div class=\"elementor-widget-container\">\n\t\t\t\t\t\t\t\t\t\t\t\t\t\t\t<img decoding=\"async\" width=\"1024\" height=\"332\" src=\"https:\/\/solvicuna.com\/wp-content\/uploads\/2023\/11\/portada-finisimo-vellon-dorado-1024x332.jpg\" class=\"attachment-large size-large wp-image-1884\" alt=\"\" srcset=\"https:\/\/solvicuna.com\/wp-content\/uploads\/2023\/11\/portada-finisimo-vellon-dorado-1024x332.jpg 1024w, https:\/\/solvicuna.com\/wp-content\/uploads\/2023\/11\/portada-finisimo-vellon-dorado-300x97.jpg 300w, https:\/\/solvicuna.com\/wp-content\/uploads\/2023\/11\/portada-finisimo-vellon-dorado-768x249.jpg 768w, https:\/\/solvicuna.com\/wp-content\/uploads\/2023\/11\/portada-finisimo-vellon-dorado-1536x498.jpg 1536w, https:\/\/solvicuna.com\/wp-content\/uploads\/2023\/11\/portada-finisimo-vellon-dorado-1200x389.jpg 1200w, https:\/\/solvicuna.com\/wp-content\/uploads\/2023\/11\/portada-finisimo-vellon-dorado-420x136.jpg 420w, https:\/\/solvicuna.com\/wp-content\/uploads\/2023\/11\/portada-finisimo-vellon-dorado-81x26.jpg 81w, https:\/\/solvicuna.com\/wp-content\/uploads\/2023\/11\/portada-finisimo-vellon-dorado.jpg 1920w\" sizes=\"(max-width: 1024px) 100vw, 1024px\" \/>\t\t\t\t\t\t\t\t\t\t\t\t\t\t\t<\/div>\n\t\t\t\t<\/div>\n\t\t\t\t\t<\/div>\n\t\t\t\t<\/div>\n\t\t\t\t\t\t\t<\/div>\n\t\t","protected":false},"excerpt":{"rendered":"","protected":false},"author":1,"featured_media":0,"parent":0,"menu_order":0,"comment_status":"closed","ping_status":"closed","template":"","meta":{"_monsterinsights_skip_tracking":false,"_monsterinsights_sitenote_active":false,"_monsterinsights_sitenote_note":"","_monsterinsights_sitenote_category":0,"footnotes":""},"class_list":["post-1483","page","type-page","status-publish","hentry"],"aioseo_notices":[],"_links":{"self":[{"href":"https:\/\/solvicuna.com\/index.php?rest_route=\/wp\/v2\/pages\/1483","targetHints":{"allow":["GET"]}}],"collection":[{"href":"https:\/\/solvicuna.com\/index.php?rest_route=\/wp\/v2\/pages"}],"about":[{"href":"https:\/\/solvicuna.com\/index.php?rest_route=\/wp\/v2\/types\/page"}],"author":[{"embeddable":true,"href":"https:\/\/solvicuna.com\/index.php?rest_route=\/wp\/v2\/users\/1"}],"replies":[{"embeddable":true,"href":"https:\/\/solvicuna.com\/index.php?rest_route=%2Fwp%2Fv2%2Fcomments&post=1483"}],"version-history":[{"count":40,"href":"https:\/\/solvicuna.com\/index.php?rest_route=\/wp\/v2\/pages\/1483\/revisions"}],"predecessor-version":[{"id":2462,"href":"https:\/\/solvicuna.com\/index.php?rest_route=\/wp\/v2\/pages\/1483\/revisions\/2462"}],"wp:attachment":[{"href":"https:\/\/solvicuna.com\/index.php?rest_route=%2Fwp%2Fv2%2Fmedia&parent=1483"}],"curies":[{"name":"wp","href":"https:\/\/api.w.org\/{rel}","templated":true}]}}